{"id":85,"date":"2023-01-23T02:29:35","date_gmt":"2023-01-23T02:29:35","guid":{"rendered":"https:\/\/klimax-dc.com\/acdc\/?page_id=85"},"modified":"2023-01-23T02:35:22","modified_gmt":"2023-01-23T02:35:22","slug":"product","status":"publish","type":"page","link":"https:\/\/klimax-dc.com\/acdc\/?page_id=85","title":{"rendered":"Product"},"content":{"rendered":"\n<figure class=\"wp-block-image size-full\"><img loading=\"lazy\" decoding=\"async\" width=\"504\" height=\"503\" src=\"https:\/\/klimax-dc.com\/acdc\/wp-content\/uploads\/2023\/01\/323868617_1149269709098076_6134412253420007411_n.jpg\" alt=\"\" class=\"wp-image-13\" srcset=\"https:\/\/klimax-dc.com\/acdc\/wp-content\/uploads\/2023\/01\/323868617_1149269709098076_6134412253420007411_n.jpg 504w, https:\/\/klimax-dc.com\/acdc\/wp-content\/uploads\/2023\/01\/323868617_1149269709098076_6134412253420007411_n-300x300.jpg 300w, https:\/\/klimax-dc.com\/acdc\/wp-content\/uploads\/2023\/01\/323868617_1149269709098076_6134412253420007411_n-150x150.jpg 150w\" sizes=\"auto, (max-width: 504px) 100vw, 504px\" \/><figcaption class=\"wp-element-caption\">Nous sommes heureux de vous pr\u00e9senter Klimax DC, une nouvelle entreprise qui se sp\u00e9cialise dans le domaine des produits requ\u00e9rant une \u00e9nergie verte ce qui vous conf\u00e8re une autonomie \u00e9nerg\u00e9tique. Plusieurs produits sont en d\u00e9veloppement et seront disponibles dans les prochaines semaines, les prochains mois. Nous sommes heureux d\u2019offrir une nouvelle introduction sur le march\u00e9 accessible \u00e0 tous. Le premier mod\u00e8le est un air climatis\u00e9 mini-split. Il est disponible soit sur le courant 12 volts ou 24 volts. Cette unit\u00e9 peut tr\u00e8s bien fonctionner dans plusieurs situations qui sont adapt\u00e9es avec des panneaux solaires et un parc de batterie.<br>Cet air climatis\u00e9 donne 10 000 Btu de climatisation avec sa conception comme ceux d\u2019une maison. Il peut s\u2019adapter \u00e0 tous les d\u00e9cors, ce qui lui conf\u00e8re une tr\u00e8s bonne utilisation dans les cas suivants.<br>Les conversions de VR telles que les skoolies ou autres,<br>Les VR,<br>Les minis maison<br>En fait pour tous vos projets sur \u00e9nergie verte.<br>Avec un prix de d\u00e9tail de 2 299,99 $ plus taxes. Il est tr\u00e8s abordable pour tous vos projets.<\/figcaption><\/figure>\n","protected":false},"excerpt":{"rendered":"","protected":false},"author":1,"featured_media":0,"parent":0,"menu_order":0,"comment_status":"closed","ping_status":"closed","template":"","meta":{"footnotes":""},"class_list":["post-85","page","type-page","status-publish","hentry","entry"],"_links":{"self":[{"href":"https:\/\/klimax-dc.com\/acdc\/index.php?rest_route=\/wp\/v2\/pages\/85","targetHints":{"allow":["GET"]}}],"collection":[{"href":"https:\/\/klimax-dc.com\/acdc\/index.php?rest_route=\/wp\/v2\/pages"}],"about":[{"href":"https:\/\/klimax-dc.com\/acdc\/index.php?rest_route=\/wp\/v2\/types\/page"}],"author":[{"embeddable":true,"href":"https:\/\/klimax-dc.com\/acdc\/index.php?rest_route=\/wp\/v2\/users\/1"}],"replies":[{"embeddable":true,"href":"https:\/\/klimax-dc.com\/acdc\/index.php?rest_route=%2Fwp%2Fv2%2Fcomments&post=85"}],"version-history":[{"count":2,"href":"https:\/\/klimax-dc.com\/acdc\/index.php?rest_route=\/wp\/v2\/pages\/85\/revisions"}],"predecessor-version":[{"id":89,"href":"https:\/\/klimax-dc.com\/acdc\/index.php?rest_route=\/wp\/v2\/pages\/85\/revisions\/89"}],"wp:attachment":[{"href":"https:\/\/klimax-dc.com\/acdc\/index.php?rest_route=%2Fwp%2Fv2%2Fmedia&parent=85"}],"curies":[{"name":"wp","href":"https:\/\/api.w.org\/{rel}","templated":true}]}}