{"id":50,"date":"2023-01-20T22:19:01","date_gmt":"2023-01-20T22:19:01","guid":{"rendered":"https:\/\/klimax-dc.com\/acdc\/?page_id=50"},"modified":"2023-01-23T02:03:16","modified_gmt":"2023-01-23T02:03:16","slug":"create-your-website-with-blocks","status":"publish","type":"page","link":"https:\/\/klimax-dc.com\/acdc\/","title":{"rendered":"KliMax-DC"},"content":{"rendered":"\n<figure class=\"wp-block-image size-full\"><img loading=\"lazy\" decoding=\"async\" width=\"288\" height=\"180\" src=\"https:\/\/klimax-dc.com\/acdc\/wp-content\/uploads\/2023\/01\/klimax-dc.png\" alt=\"\" class=\"wp-image-7\"\/><\/figure>\n\n\n\n<h2 class=\"wp-block-heading\"><img loading=\"lazy\" decoding=\"async\" width=\"150\" height=\"150\" class=\"wp-image-13\" style=\"width: 150px;\" src=\"https:\/\/klimax-dc.com\/acdc\/wp-content\/uploads\/2023\/01\/323868617_1149269709098076_6134412253420007411_n.jpg\" alt=\"\" srcset=\"https:\/\/klimax-dc.com\/acdc\/wp-content\/uploads\/2023\/01\/323868617_1149269709098076_6134412253420007411_n.jpg 504w, https:\/\/klimax-dc.com\/acdc\/wp-content\/uploads\/2023\/01\/323868617_1149269709098076_6134412253420007411_n-300x300.jpg 300w, https:\/\/klimax-dc.com\/acdc\/wp-content\/uploads\/2023\/01\/323868617_1149269709098076_6134412253420007411_n-150x150.jpg 150w\" sizes=\"auto, (max-width: 150px) 100vw, 150px\" \/>Un air climatis\u00e9 mini-split en 12V ou 24V&#8230;<\/h2>\n\n\n\n<p>Cet air climatis\u00e9 donne 10 000 Btu de climatisation avec sa conception comme ceux d\u2019une maison. Il peut s\u2019adapter \u00e0 tous les d\u00e9cors, ce qui lui conf\u00e8re une tr\u00e8s bonne utilisation dans les cas suivants.<\/p>\n\n\n\n<ul class=\"wp-block-list\">\n<li>Les conversions de VR telles que les skoolies ou autres,<\/li>\n\n\n\n<li>Les Vehicules Motoris\u00e9<\/li>\n\n\n\n<li>Les Mini Maisons<\/li>\n\n\n\n<li>En fait pour tous vos projets sur \u00e9nergie verte.\n<ul class=\"wp-block-list\">\n<li><\/li>\n<\/ul>\n<\/li>\n<\/ul>\n\n\n\n<p><\/p>\n\n\n\n<figure class=\"wp-block-image size-full\"><img loading=\"lazy\" decoding=\"async\" width=\"424\" height=\"600\" src=\"https:\/\/klimax-dc.com\/acdc\/wp-content\/uploads\/2023\/01\/323768203_835373380883814_1813138242604373_n.jpg\" alt=\"\" class=\"wp-image-11\" srcset=\"https:\/\/klimax-dc.com\/acdc\/wp-content\/uploads\/2023\/01\/323768203_835373380883814_1813138242604373_n.jpg 424w, https:\/\/klimax-dc.com\/acdc\/wp-content\/uploads\/2023\/01\/323768203_835373380883814_1813138242604373_n-212x300.jpg 212w\" sizes=\"auto, (max-width: 424px) 100vw, 424px\" \/><\/figure>\n","protected":false},"excerpt":{"rendered":"<p>Un air climatis\u00e9 mini-split en 12V ou 24V&#8230; Cet air climatis\u00e9 donne 10 000 Btu de climatisation avec sa conception comme ceux d\u2019une maison. Il peut s\u2019adapter \u00e0 tous les d\u00e9cors, ce qui lui conf\u00e8re une tr\u00e8s bonne utilisation dans les cas suivants.<\/p>\n","protected":false},"author":1,"featured_media":0,"parent":0,"menu_order":0,"comment_status":"closed","ping_status":"closed","template":"","meta":{"footnotes":""},"class_list":["post-50","page","type-page","status-publish","hentry","entry"],"_links":{"self":[{"href":"https:\/\/klimax-dc.com\/acdc\/index.php?rest_route=\/wp\/v2\/pages\/50","targetHints":{"allow":["GET"]}}],"collection":[{"href":"https:\/\/klimax-dc.com\/acdc\/index.php?rest_route=\/wp\/v2\/pages"}],"about":[{"href":"https:\/\/klimax-dc.com\/acdc\/index.php?rest_route=\/wp\/v2\/types\/page"}],"author":[{"embeddable":true,"href":"https:\/\/klimax-dc.com\/acdc\/index.php?rest_route=\/wp\/v2\/users\/1"}],"replies":[{"embeddable":true,"href":"https:\/\/klimax-dc.com\/acdc\/index.php?rest_route=%2Fwp%2Fv2%2Fcomments&post=50"}],"version-history":[{"count":5,"href":"https:\/\/klimax-dc.com\/acdc\/index.php?rest_route=\/wp\/v2\/pages\/50\/revisions"}],"predecessor-version":[{"id":77,"href":"https:\/\/klimax-dc.com\/acdc\/index.php?rest_route=\/wp\/v2\/pages\/50\/revisions\/77"}],"wp:attachment":[{"href":"https:\/\/klimax-dc.com\/acdc\/index.php?rest_route=%2Fwp%2Fv2%2Fmedia&parent=50"}],"curies":[{"name":"wp","href":"https:\/\/api.w.org\/{rel}","templated":true}]}}